{"id":3092,"date":"2023-09-18T13:47:09","date_gmt":"2023-09-18T11:47:09","guid":{"rendered":"https:\/\/patriklindgren.se\/ueber-mich\/"},"modified":"2024-02-23T10:46:27","modified_gmt":"2024-02-23T09:46:27","slug":"ueber-mich","status":"publish","type":"page","link":"https:\/\/patriklindgren.se\/de\/ueber-mich\/","title":{"rendered":"\u00dcber mich"},"content":{"rendered":"\n<p>Hallo und herzlich willkommen bei Patriklindgren.se! Ich bin Patrik Lindgren, ein leidenschaftlicher und anerkannter Experte f\u00fcr Affiliate Marketing und iGaming. Mit mehr als einem Jahrzehnt Erfahrung habe ich an allem gearbeitet, von kleinen Start-up-Projekten bis hin zu gro\u00dfen, internationalen Unternehmen. Hier auf meiner Website gebe ich mein Fachwissen weiter, indem ich die neuesten Tipps, Tricks und Neuigkeiten ver\u00f6ffentliche, die Ihnen helfen, in dieser dynamischen Branche erfolgreich zu sein.<\/p>\n\n<h3 class=\"wp-block-heading\">Meine Reise<\/h3>\n\n<figure class=\"wp-block-image size-full\"><img loading=\"lazy\" loading=\"lazy\" decoding=\"async\" width=\"512\" height=\"512\" src=\"https:\/\/patriklindgren.se\/wp-content\/uploads\/2021\/11\/2db8a21f-879c-4058-8404-c6183e58dfe3.webp\" alt=\"\" class=\"wp-image-2213\" srcset=\"https:\/\/patriklindgren.se\/wp-content\/uploads\/2021\/11\/2db8a21f-879c-4058-8404-c6183e58dfe3.webp 512w, https:\/\/patriklindgren.se\/wp-content\/uploads\/2021\/11\/2db8a21f-879c-4058-8404-c6183e58dfe3-300x300.webp 300w, https:\/\/patriklindgren.se\/wp-content\/uploads\/2021\/11\/2db8a21f-879c-4058-8404-c6183e58dfe3-150x150.webp 150w\" sizes=\"auto, (max-width: 512px) 100vw, 512px\" \/><\/figure>\n\n<p>Meine Karriere begann mit einem einfachen Blog, in dem ich Tipps und Ratschl\u00e4ge zum Affiliate-Marketing gab. Mir wurde schnell klar, wie gro\u00df der Bedarf an hochwertigen Informationen in diesem Bereich ist. Nach einer soliden Ausbildung und vielen Jahren praktischer Erfahrung wurde mir klar, dass ich \u00fcber das Wissen und die Mittel verf\u00fcge, um anderen zum Erfolg zu verhelfen. Damals beschloss ich, dies hauptberuflich zu tun.<\/p>\n\n<h3 class=\"wp-block-heading\">Was ich tue<\/h3>\n\n<p>Hier auf Patriklindgren.se finden Sie:<\/p>\n\n<ul class=\"wp-block-list\">\n<li><strong>Tipps und Tricks<\/strong>: Die besten Techniken des Affiliate-Marketings, von SEO bis zur Content-Strategie.<\/li>\n\n\n\n<li><strong>iGaming News<\/strong>: Bleiben Sie auf dem Laufenden \u00fcber die neuesten Trends und Entwicklungen im Bereich iGaming.<\/li>\n\n\n\n<li><strong>Strategische Leitf\u00e4den<\/strong>: Ausf\u00fchrliche Artikel und Leitf\u00e4den, die Ihnen alles beibringen, was Sie wissen m\u00fcssen, um im Affiliate Marketing und iGaming erfolgreich zu sein.<\/li>\n<\/ul>\n\n<h3 class=\"wp-block-heading\">Warum folgen Sie mir?<\/h3>\n\n<ul class=\"wp-block-list\">\n<li><strong>Erfahrung<\/strong>: Ich verf\u00fcge \u00fcber praktische Erfahrung und habe die Entwicklung der Branche verfolgt.<\/li>\n\n\n\n<li><strong>Qualitativ hochwertige Inhalte<\/strong>: Ich lege stets Wert auf qualitativ hochwertige Inhalte, die sowohl informativ als auch leicht verst\u00e4ndlich sind.<\/li>\n\n\n\n<li><strong>Gemeinschaft<\/strong>: Ich glaube fest an die Macht eines starken Netzwerks. Hier k\u00f6nnen Sie mit Gleichgesinnten in Kontakt treten und gemeinsam mit der Gemeinschaft wachsen.<\/li>\n<\/ul>\n\n<p>Vielen Dank f\u00fcr Ihren Besuch auf Patriklindgren.se. Ich freue mich darauf, Teil Ihrer Erfolgsgeschichte im Affiliate Marketing und iGaming zu sein!<\/p>\n\n<p>Mit freundlichen Gr\u00fc\u00dfen, Patrik Lindgren<\/p>\n","protected":false},"excerpt":{"rendered":"<p>Hallo und herzlich willkommen bei Patriklindgren.se! Ich bin Patrik Lindgren, ein leidenschaftlicher und anerkannter Experte f\u00fcr Affiliate Marketing und iGaming. Mit mehr als einem Jahrzehnt Erfahrung habe ich an allem gearbeitet, von kleinen Start-up-Projekten bis hin zu gro\u00dfen, internationalen Unternehmen. Hier auf meiner Website gebe ich mein Fachwissen weiter, indem ich die neuesten Tipps, Tricks [&hellip;]<\/p>\n","protected":false},"author":1,"featured_media":2970,"parent":0,"menu_order":0,"comment_status":"closed","ping_status":"closed","template":"","meta":{"footnotes":""},"class_list":["post-3092","page","type-page","status-publish","has-post-thumbnail"],"yoast_head":"<!-- This site is optimized with the Yoast SEO plugin v23.0 - https:\/\/yoast.com\/wordpress\/plugins\/seo\/ -->\n<title>\u00dcber mich - Patrik Lindgren<\/title>\n<meta name=\"robots\" content=\"index, follow, max-snippet:-1, max-image-preview:large, max-video-preview:-1\" \/>\n<link rel=\"canonical\" href=\"https:\/\/patriklindgren.se\/de\/ueber-mich\/\" \/>\n<meta property=\"og:locale\" content=\"de_DE\" \/>\n<meta property=\"og:type\" content=\"article\" \/>\n<meta property=\"og:title\" content=\"\u00dcber mich - Patrik Lindgren\" \/>\n<meta property=\"og:description\" content=\"Hallo und herzlich willkommen bei Patriklindgren.se! Ich bin Patrik Lindgren, ein leidenschaftlicher und anerkannter Experte f\u00fcr Affiliate Marketing und iGaming. Mit mehr als einem Jahrzehnt Erfahrung habe ich an allem gearbeitet, von kleinen Start-up-Projekten bis hin zu gro\u00dfen, internationalen Unternehmen. Hier auf meiner Website gebe ich mein Fachwissen weiter, indem ich die neuesten Tipps, Tricks [&hellip;]\" \/>\n<meta property=\"og:url\" content=\"https:\/\/patriklindgren.se\/de\/ueber-mich\/\" \/>\n<meta property=\"og:site_name\" content=\"Patrik Lindgren\" \/>\n<meta property=\"article:modified_time\" content=\"2024-02-23T09:46:27+00:00\" \/>\n<meta property=\"og:image\" content=\"https:\/\/patriklindgren.se\/wp-content\/uploads\/2018\/03\/slider0-min.jpg\" \/>\n\t<meta property=\"og:image:width\" content=\"1200\" \/>\n\t<meta property=\"og:image:height\" content=\"600\" \/>\n\t<meta property=\"og:image:type\" content=\"image\/jpeg\" \/>\n<meta name=\"twitter:card\" content=\"summary_large_image\" \/>\n<meta name=\"twitter:label1\" content=\"Gesch\u00e4tzte Lesezeit\" \/>\n\t<meta name=\"twitter:data1\" content=\"1\u00a0Minute\" \/>\n<script type=\"application\/ld+json\" class=\"yoast-schema-graph\">{\"@context\":\"https:\/\/schema.org\",\"@graph\":[{\"@type\":\"WebPage\",\"@id\":\"https:\/\/patriklindgren.se\/de\/ueber-mich\/\",\"url\":\"https:\/\/patriklindgren.se\/de\/ueber-mich\/\",\"name\":\"\u00dcber mich - Patrik Lindgren\",\"isPartOf\":{\"@id\":\"https:\/\/patriklindgren.se\/#website\"},\"primaryImageOfPage\":{\"@id\":\"https:\/\/patriklindgren.se\/de\/ueber-mich\/#primaryimage\"},\"image\":{\"@id\":\"https:\/\/patriklindgren.se\/de\/ueber-mich\/#primaryimage\"},\"thumbnailUrl\":\"https:\/\/patriklindgren.se\/wp-content\/uploads\/2018\/03\/slider0-min.jpg\",\"datePublished\":\"2023-09-18T11:47:09+00:00\",\"dateModified\":\"2024-02-23T09:46:27+00:00\",\"breadcrumb\":{\"@id\":\"https:\/\/patriklindgren.se\/de\/ueber-mich\/#breadcrumb\"},\"inLanguage\":\"de\",\"potentialAction\":[{\"@type\":\"ReadAction\",\"target\":[\"https:\/\/patriklindgren.se\/de\/ueber-mich\/\"]}]},{\"@type\":\"ImageObject\",\"inLanguage\":\"de\",\"@id\":\"https:\/\/patriklindgren.se\/de\/ueber-mich\/#primaryimage\",\"url\":\"https:\/\/patriklindgren.se\/wp-content\/uploads\/2018\/03\/slider0-min.jpg\",\"contentUrl\":\"https:\/\/patriklindgren.se\/wp-content\/uploads\/2018\/03\/slider0-min.jpg\",\"width\":1200,\"height\":600},{\"@type\":\"BreadcrumbList\",\"@id\":\"https:\/\/patriklindgren.se\/de\/ueber-mich\/#breadcrumb\",\"itemListElement\":[{\"@type\":\"ListItem\",\"position\":1,\"name\":\"Hem\",\"item\":\"https:\/\/patriklindgren.se\/de\/patrik-lindgren-start\/\"},{\"@type\":\"ListItem\",\"position\":2,\"name\":\"\u00dcber mich\"}]},{\"@type\":\"WebSite\",\"@id\":\"https:\/\/patriklindgren.se\/#website\",\"url\":\"https:\/\/patriklindgren.se\/\",\"name\":\"Patrik Lindgren\",\"description\":\"Jag recenserar!\",\"publisher\":{\"@id\":\"https:\/\/patriklindgren.se\/#organization\"},\"potentialAction\":[{\"@type\":\"SearchAction\",\"target\":{\"@type\":\"EntryPoint\",\"urlTemplate\":\"https:\/\/patriklindgren.se\/?s={search_term_string}\"},\"query-input\":\"required name=search_term_string\"}],\"inLanguage\":\"de\"},{\"@type\":\"Organization\",\"@id\":\"https:\/\/patriklindgren.se\/#organization\",\"name\":\"Patrik Lindgren\",\"url\":\"https:\/\/patriklindgren.se\/\",\"logo\":{\"@type\":\"ImageObject\",\"inLanguage\":\"de\",\"@id\":\"https:\/\/patriklindgren.se\/#\/schema\/logo\/image\/\",\"url\":\"https:\/\/patriklindgren.se\/wp-content\/uploads\/2022\/05\/cropped-Patrik-Lindgren1-1.png\",\"contentUrl\":\"https:\/\/patriklindgren.se\/wp-content\/uploads\/2022\/05\/cropped-Patrik-Lindgren1-1.png\",\"width\":500,\"height\":190,\"caption\":\"Patrik Lindgren\"},\"image\":{\"@id\":\"https:\/\/patriklindgren.se\/#\/schema\/logo\/image\/\"}}]}<\/script>\n<!-- \/ Yoast SEO plugin. -->","yoast_head_json":{"title":"\u00dcber mich - Patrik Lindgren","robots":{"index":"index","follow":"follow","max-snippet":"max-snippet:-1","max-image-preview":"max-image-preview:large","max-video-preview":"max-video-preview:-1"},"canonical":"https:\/\/patriklindgren.se\/de\/ueber-mich\/","og_locale":"de_DE","og_type":"article","og_title":"\u00dcber mich - Patrik Lindgren","og_description":"Hallo und herzlich willkommen bei Patriklindgren.se! Ich bin Patrik Lindgren, ein leidenschaftlicher und anerkannter Experte f\u00fcr Affiliate Marketing und iGaming. Mit mehr als einem Jahrzehnt Erfahrung habe ich an allem gearbeitet, von kleinen Start-up-Projekten bis hin zu gro\u00dfen, internationalen Unternehmen. Hier auf meiner Website gebe ich mein Fachwissen weiter, indem ich die neuesten Tipps, Tricks [&hellip;]","og_url":"https:\/\/patriklindgren.se\/de\/ueber-mich\/","og_site_name":"Patrik Lindgren","article_modified_time":"2024-02-23T09:46:27+00:00","og_image":[{"width":1200,"height":600,"url":"https:\/\/patriklindgren.se\/wp-content\/uploads\/2018\/03\/slider0-min.jpg","type":"image\/jpeg"}],"twitter_card":"summary_large_image","twitter_misc":{"Gesch\u00e4tzte Lesezeit":"1\u00a0Minute"},"schema":{"@context":"https:\/\/schema.org","@graph":[{"@type":"WebPage","@id":"https:\/\/patriklindgren.se\/de\/ueber-mich\/","url":"https:\/\/patriklindgren.se\/de\/ueber-mich\/","name":"\u00dcber mich - Patrik Lindgren","isPartOf":{"@id":"https:\/\/patriklindgren.se\/#website"},"primaryImageOfPage":{"@id":"https:\/\/patriklindgren.se\/de\/ueber-mich\/#primaryimage"},"image":{"@id":"https:\/\/patriklindgren.se\/de\/ueber-mich\/#primaryimage"},"thumbnailUrl":"https:\/\/patriklindgren.se\/wp-content\/uploads\/2018\/03\/slider0-min.jpg","datePublished":"2023-09-18T11:47:09+00:00","dateModified":"2024-02-23T09:46:27+00:00","breadcrumb":{"@id":"https:\/\/patriklindgren.se\/de\/ueber-mich\/#breadcrumb"},"inLanguage":"de","potentialAction":[{"@type":"ReadAction","target":["https:\/\/patriklindgren.se\/de\/ueber-mich\/"]}]},{"@type":"ImageObject","inLanguage":"de","@id":"https:\/\/patriklindgren.se\/de\/ueber-mich\/#primaryimage","url":"https:\/\/patriklindgren.se\/wp-content\/uploads\/2018\/03\/slider0-min.jpg","contentUrl":"https:\/\/patriklindgren.se\/wp-content\/uploads\/2018\/03\/slider0-min.jpg","width":1200,"height":600},{"@type":"BreadcrumbList","@id":"https:\/\/patriklindgren.se\/de\/ueber-mich\/#breadcrumb","itemListElement":[{"@type":"ListItem","position":1,"name":"Hem","item":"https:\/\/patriklindgren.se\/de\/patrik-lindgren-start\/"},{"@type":"ListItem","position":2,"name":"\u00dcber mich"}]},{"@type":"WebSite","@id":"https:\/\/patriklindgren.se\/#website","url":"https:\/\/patriklindgren.se\/","name":"Patrik Lindgren","description":"Jag recenserar!","publisher":{"@id":"https:\/\/patriklindgren.se\/#organization"},"potentialAction":[{"@type":"SearchAction","target":{"@type":"EntryPoint","urlTemplate":"https:\/\/patriklindgren.se\/?s={search_term_string}"},"query-input":"required name=search_term_string"}],"inLanguage":"de"},{"@type":"Organization","@id":"https:\/\/patriklindgren.se\/#organization","name":"Patrik Lindgren","url":"https:\/\/patriklindgren.se\/","logo":{"@type":"ImageObject","inLanguage":"de","@id":"https:\/\/patriklindgren.se\/#\/schema\/logo\/image\/","url":"https:\/\/patriklindgren.se\/wp-content\/uploads\/2022\/05\/cropped-Patrik-Lindgren1-1.png","contentUrl":"https:\/\/patriklindgren.se\/wp-content\/uploads\/2022\/05\/cropped-Patrik-Lindgren1-1.png","width":500,"height":190,"caption":"Patrik Lindgren"},"image":{"@id":"https:\/\/patriklindgren.se\/#\/schema\/logo\/image\/"}}]}},"_links":{"self":[{"href":"https:\/\/patriklindgren.se\/de\/wp-json\/wp\/v2\/pages\/3092","targetHints":{"allow":["GET"]}}],"collection":[{"href":"https:\/\/patriklindgren.se\/de\/wp-json\/wp\/v2\/pages"}],"about":[{"href":"https:\/\/patriklindgren.se\/de\/wp-json\/wp\/v2\/types\/page"}],"author":[{"embeddable":true,"href":"https:\/\/patriklindgren.se\/de\/wp-json\/wp\/v2\/users\/1"}],"replies":[{"embeddable":true,"href":"https:\/\/patriklindgren.se\/de\/wp-json\/wp\/v2\/comments?post=3092"}],"version-history":[{"count":1,"href":"https:\/\/patriklindgren.se\/de\/wp-json\/wp\/v2\/pages\/3092\/revisions"}],"predecessor-version":[{"id":3112,"href":"https:\/\/patriklindgren.se\/de\/wp-json\/wp\/v2\/pages\/3092\/revisions\/3112"}],"wp:featuredmedia":[{"embeddable":true,"href":"https:\/\/patriklindgren.se\/de\/wp-json\/wp\/v2\/media\/2970"}],"wp:attachment":[{"href":"https:\/\/patriklindgren.se\/de\/wp-json\/wp\/v2\/media?parent=3092"}],"curies":[{"name":"wp","href":"https:\/\/api.w.org\/{rel}","templated":true}]}}