{"id":3137,"date":"2021-01-07T10:01:48","date_gmt":"2021-01-07T09:01:48","guid":{"rendered":"https:\/\/patriklindgren.se\/kontakt-os\/"},"modified":"2024-02-23T10:47:05","modified_gmt":"2024-02-23T09:47:05","slug":"kontakt-os","status":"publish","type":"page","link":"https:\/\/patriklindgren.se\/da\/kontakt-os\/","title":{"rendered":"Kontakt os"},"content":{"rendered":"\n<p>Hej med jer! Tak for din interesse i at kontakte mig. Uanset om du har sp\u00f8rgsm\u00e5l om affiliate marketing, iGaming eller noget andet inden for mit ekspertiseomr\u00e5de, er du mere end velkommen til at kontakte mig.  <\/p>\n<div class=\"wpforms-container wpforms-container-full\" id=\"wpforms-2337\"><form id=\"wpforms-form-2337\" class=\"wpforms-validate wpforms-form wpforms-ajax-form\" data-formid=\"2337\" method=\"post\" enctype=\"multipart\/form-data\" action=\"\/da\/wp-json\/wp\/v2\/pages\/3137\" data-token=\"b9628baa955ac432714036822f41cdb0\"><noscript class=\"wpforms-error-noscript\">Please enable JavaScript in your browser to complete this form.<\/noscript><div class=\"wpforms-field-container\"><div id=\"wpforms-2337-field_0-container\" class=\"wpforms-field wpforms-field-name\" data-field-id=\"0\"><label class=\"wpforms-field-label\" for=\"wpforms-2337-field_0\">Name <span class=\"wpforms-required-label\">*<\/span><\/label><input type=\"text\" id=\"wpforms-2337-field_0\" class=\"wpforms-field-medium wpforms-field-required\" name=\"wpforms[fields][0]\" required><\/div><div id=\"wpforms-2337-field_8-container\" class=\"wpforms-field wpforms-field-checkbox\" data-field-id=\"8\"><label class=\"wpforms-field-label\" for=\"wpforms-2337-field_8\">Why are you contacting us?<\/label><ul id=\"wpforms-2337-field_8\"><li class=\"choice-1 depth-1\"><input type=\"checkbox\" id=\"wpforms-2337-field_8_1\" name=\"wpforms[fields][8][]\" value=\"Advertising\"  ><label class=\"wpforms-field-label-inline\" for=\"wpforms-2337-field_8_1\">Advertising<\/label><\/li><li class=\"choice-2 depth-1\"><input type=\"checkbox\" id=\"wpforms-2337-field_8_2\" name=\"wpforms[fields][8][]\" value=\"Tips\"  ><label class=\"wpforms-field-label-inline\" for=\"wpforms-2337-field_8_2\">Tips<\/label><\/li><li class=\"choice-3 depth-1\"><input type=\"checkbox\" id=\"wpforms-2337-field_8_3\" name=\"wpforms[fields][8][]\" value=\"Other\"  ><label class=\"wpforms-field-label-inline\" for=\"wpforms-2337-field_8_3\">Other<\/label><\/li><\/ul><\/div><div id=\"wpforms-2337-field_7-container\" class=\"wpforms-field wpforms-field-text\" data-field-id=\"7\"><label class=\"wpforms-field-label\" for=\"wpforms-2337-field_7\">Your company name<\/label><input type=\"text\" id=\"wpforms-2337-field_7\" class=\"wpforms-field-medium\" name=\"wpforms[fields][7]\" ><\/div><div id=\"wpforms-2337-field_6-container\" class=\"wpforms-field wpforms-field-email\" data-field-id=\"6\"><label class=\"wpforms-field-label\" for=\"wpforms-2337-field_6\">Email  <span class=\"wpforms-required-label\">*<\/span><\/label><input type=\"email\" id=\"wpforms-2337-field_6\" class=\"wpforms-field-medium wpforms-field-required\" name=\"wpforms[fields][6]\" spellcheck=\"false\" required><\/div><div id=\"wpforms-2337-field_2-container\" class=\"wpforms-field wpforms-field-textarea\" data-field-id=\"2\"><label class=\"wpforms-field-label\" for=\"wpforms-2337-field_2\">Your message <span class=\"wpforms-required-label\">*<\/span><\/label><textarea id=\"wpforms-2337-field_2\" class=\"wpforms-field-medium wpforms-field-required\" name=\"wpforms[fields][2]\" required><\/textarea><\/div><\/div><!-- .wpforms-field-container --><div class=\"wpforms-recaptcha-container wpforms-is-hcaptcha\" ><div class=\"g-recaptcha\" data-sitekey=\"34fbaa3f-2deb-4ed1-8fba-3f7e900742ec\"><\/div><input type=\"text\" name=\"g-recaptcha-hidden\" class=\"wpforms-recaptcha-hidden\" style=\"position:absolute!important;clip:rect(0,0,0,0)!important;height:1px!important;width:1px!important;border:0!important;overflow:hidden!important;padding:0!important;margin:0!important;\" data-rule-hcaptcha=\"1\"><\/div><div class=\"wpforms-submit-container\" ><input type=\"hidden\" name=\"wpforms[id]\" value=\"2337\"><input type=\"hidden\" name=\"wpforms[author]\" value=\"1\"><button type=\"submit\" name=\"wpforms[submit]\" id=\"wpforms-submit-2337\" class=\"wpforms-submit\" data-alt-text=\"Sending...\" data-submit-text=\"Send\" aria-live=\"assertive\" value=\"wpforms-submit\">Send<\/button><img loading=\"lazy\" loading=\"lazy\" decoding=\"async\" src=\"https:\/\/patriklindgren.se\/wp-content\/plugins\/wpforms\/assets\/images\/submit-spin.svg\" class=\"wpforms-submit-spinner\" style=\"display: none;\" width=\"26\" height=\"26\" alt=\"Loading\"><\/div><\/form><\/div>  <!-- .wpforms-container -->\n\n<p>Jeg ser frem til at h\u00f8re fra dig og er ivrig efter at hj\u00e6lpe dig med at navigere i affiliate marketing-verdenen!<\/p>\n\n<p>Med venlig hilsen,<br\/>Patrik Lindgren<\/p>\n","protected":false},"excerpt":{"rendered":"<p>Hej med jer! Tak for din interesse i at kontakte mig. Uanset om du har sp\u00f8rgsm\u00e5l om affiliate marketing, iGaming eller noget andet inden for mit ekspertiseomr\u00e5de, er du mere end velkommen til at kontakte mig. Jeg ser frem til at h\u00f8re fra dig og er ivrig efter at hj\u00e6lpe dig med at navigere i [&hellip;]<\/p>\n","protected":false},"author":1,"featured_media":3007,"parent":0,"menu_order":0,"comment_status":"closed","ping_status":"closed","template":"","meta":{"footnotes":""},"class_list":["post-3137","page","type-page","status-publish","has-post-thumbnail"],"yoast_head":"<!-- This site is optimized with the Yoast SEO plugin v23.0 - https:\/\/yoast.com\/wordpress\/plugins\/seo\/ -->\n<title>Kontakt os - Patrik Lindgren<\/title>\n<meta name=\"robots\" content=\"index, follow, max-snippet:-1, max-image-preview:large, max-video-preview:-1\" \/>\n<link rel=\"canonical\" href=\"https:\/\/patriklindgren.se\/da\/kontakt-os\/\" \/>\n<meta property=\"og:locale\" content=\"da_DK\" \/>\n<meta property=\"og:type\" content=\"article\" \/>\n<meta property=\"og:title\" content=\"Kontakt os - Patrik Lindgren\" \/>\n<meta property=\"og:description\" content=\"Hej med jer! Tak for din interesse i at kontakte mig. Uanset om du har sp\u00f8rgsm\u00e5l om affiliate marketing, iGaming eller noget andet inden for mit ekspertiseomr\u00e5de, er du mere end velkommen til at kontakte mig. Jeg ser frem til at h\u00f8re fra dig og er ivrig efter at hj\u00e6lpe dig med at navigere i [&hellip;]\" \/>\n<meta property=\"og:url\" content=\"https:\/\/patriklindgren.se\/da\/kontakt-os\/\" \/>\n<meta property=\"og:site_name\" content=\"Patrik Lindgren\" \/>\n<meta property=\"article:modified_time\" content=\"2024-02-23T09:47:05+00:00\" \/>\n<meta property=\"og:image\" content=\"https:\/\/patriklindgren.se\/wp-content\/uploads\/2018\/03\/sports-1-min.jpg\" \/>\n\t<meta property=\"og:image:width\" content=\"1200\" \/>\n\t<meta property=\"og:image:height\" content=\"600\" \/>\n\t<meta property=\"og:image:type\" content=\"image\/jpeg\" \/>\n<meta name=\"twitter:card\" content=\"summary_large_image\" \/>\n<script type=\"application\/ld+json\" class=\"yoast-schema-graph\">{\"@context\":\"https:\/\/schema.org\",\"@graph\":[{\"@type\":\"WebPage\",\"@id\":\"https:\/\/patriklindgren.se\/da\/kontakt-os\/\",\"url\":\"https:\/\/patriklindgren.se\/da\/kontakt-os\/\",\"name\":\"Kontakt os - Patrik Lindgren\",\"isPartOf\":{\"@id\":\"https:\/\/patriklindgren.se\/#website\"},\"primaryImageOfPage\":{\"@id\":\"https:\/\/patriklindgren.se\/da\/kontakt-os\/#primaryimage\"},\"image\":{\"@id\":\"https:\/\/patriklindgren.se\/da\/kontakt-os\/#primaryimage\"},\"thumbnailUrl\":\"https:\/\/patriklindgren.se\/wp-content\/uploads\/2018\/03\/sports-1-min.jpg\",\"datePublished\":\"2021-01-07T09:01:48+00:00\",\"dateModified\":\"2024-02-23T09:47:05+00:00\",\"breadcrumb\":{\"@id\":\"https:\/\/patriklindgren.se\/da\/kontakt-os\/#breadcrumb\"},\"inLanguage\":\"da-DK\",\"potentialAction\":[{\"@type\":\"ReadAction\",\"target\":[\"https:\/\/patriklindgren.se\/da\/kontakt-os\/\"]}]},{\"@type\":\"ImageObject\",\"inLanguage\":\"da-DK\",\"@id\":\"https:\/\/patriklindgren.se\/da\/kontakt-os\/#primaryimage\",\"url\":\"https:\/\/patriklindgren.se\/wp-content\/uploads\/2018\/03\/sports-1-min.jpg\",\"contentUrl\":\"https:\/\/patriklindgren.se\/wp-content\/uploads\/2018\/03\/sports-1-min.jpg\",\"width\":1200,\"height\":600},{\"@type\":\"BreadcrumbList\",\"@id\":\"https:\/\/patriklindgren.se\/da\/kontakt-os\/#breadcrumb\",\"itemListElement\":[{\"@type\":\"ListItem\",\"position\":1,\"name\":\"Hem\",\"item\":\"https:\/\/patriklindgren.se\/da\/patrik-lindgren-start\/\"},{\"@type\":\"ListItem\",\"position\":2,\"name\":\"Kontakt os\"}]},{\"@type\":\"WebSite\",\"@id\":\"https:\/\/patriklindgren.se\/#website\",\"url\":\"https:\/\/patriklindgren.se\/\",\"name\":\"Patrik Lindgren\",\"description\":\"Jag recenserar!\",\"publisher\":{\"@id\":\"https:\/\/patriklindgren.se\/#organization\"},\"potentialAction\":[{\"@type\":\"SearchAction\",\"target\":{\"@type\":\"EntryPoint\",\"urlTemplate\":\"https:\/\/patriklindgren.se\/?s={search_term_string}\"},\"query-input\":\"required name=search_term_string\"}],\"inLanguage\":\"da-DK\"},{\"@type\":\"Organization\",\"@id\":\"https:\/\/patriklindgren.se\/#organization\",\"name\":\"Patrik Lindgren\",\"url\":\"https:\/\/patriklindgren.se\/\",\"logo\":{\"@type\":\"ImageObject\",\"inLanguage\":\"da-DK\",\"@id\":\"https:\/\/patriklindgren.se\/#\/schema\/logo\/image\/\",\"url\":\"https:\/\/patriklindgren.se\/wp-content\/uploads\/2022\/05\/cropped-Patrik-Lindgren1-1.png\",\"contentUrl\":\"https:\/\/patriklindgren.se\/wp-content\/uploads\/2022\/05\/cropped-Patrik-Lindgren1-1.png\",\"width\":500,\"height\":190,\"caption\":\"Patrik Lindgren\"},\"image\":{\"@id\":\"https:\/\/patriklindgren.se\/#\/schema\/logo\/image\/\"}}]}<\/script>\n<!-- \/ Yoast SEO plugin. -->","yoast_head_json":{"title":"Kontakt os - Patrik Lindgren","robots":{"index":"index","follow":"follow","max-snippet":"max-snippet:-1","max-image-preview":"max-image-preview:large","max-video-preview":"max-video-preview:-1"},"canonical":"https:\/\/patriklindgren.se\/da\/kontakt-os\/","og_locale":"da_DK","og_type":"article","og_title":"Kontakt os - Patrik Lindgren","og_description":"Hej med jer! Tak for din interesse i at kontakte mig. Uanset om du har sp\u00f8rgsm\u00e5l om affiliate marketing, iGaming eller noget andet inden for mit ekspertiseomr\u00e5de, er du mere end velkommen til at kontakte mig. Jeg ser frem til at h\u00f8re fra dig og er ivrig efter at hj\u00e6lpe dig med at navigere i [&hellip;]","og_url":"https:\/\/patriklindgren.se\/da\/kontakt-os\/","og_site_name":"Patrik Lindgren","article_modified_time":"2024-02-23T09:47:05+00:00","og_image":[{"width":1200,"height":600,"url":"https:\/\/patriklindgren.se\/wp-content\/uploads\/2018\/03\/sports-1-min.jpg","type":"image\/jpeg"}],"twitter_card":"summary_large_image","schema":{"@context":"https:\/\/schema.org","@graph":[{"@type":"WebPage","@id":"https:\/\/patriklindgren.se\/da\/kontakt-os\/","url":"https:\/\/patriklindgren.se\/da\/kontakt-os\/","name":"Kontakt os - Patrik Lindgren","isPartOf":{"@id":"https:\/\/patriklindgren.se\/#website"},"primaryImageOfPage":{"@id":"https:\/\/patriklindgren.se\/da\/kontakt-os\/#primaryimage"},"image":{"@id":"https:\/\/patriklindgren.se\/da\/kontakt-os\/#primaryimage"},"thumbnailUrl":"https:\/\/patriklindgren.se\/wp-content\/uploads\/2018\/03\/sports-1-min.jpg","datePublished":"2021-01-07T09:01:48+00:00","dateModified":"2024-02-23T09:47:05+00:00","breadcrumb":{"@id":"https:\/\/patriklindgren.se\/da\/kontakt-os\/#breadcrumb"},"inLanguage":"da-DK","potentialAction":[{"@type":"ReadAction","target":["https:\/\/patriklindgren.se\/da\/kontakt-os\/"]}]},{"@type":"ImageObject","inLanguage":"da-DK","@id":"https:\/\/patriklindgren.se\/da\/kontakt-os\/#primaryimage","url":"https:\/\/patriklindgren.se\/wp-content\/uploads\/2018\/03\/sports-1-min.jpg","contentUrl":"https:\/\/patriklindgren.se\/wp-content\/uploads\/2018\/03\/sports-1-min.jpg","width":1200,"height":600},{"@type":"BreadcrumbList","@id":"https:\/\/patriklindgren.se\/da\/kontakt-os\/#breadcrumb","itemListElement":[{"@type":"ListItem","position":1,"name":"Hem","item":"https:\/\/patriklindgren.se\/da\/patrik-lindgren-start\/"},{"@type":"ListItem","position":2,"name":"Kontakt os"}]},{"@type":"WebSite","@id":"https:\/\/patriklindgren.se\/#website","url":"https:\/\/patriklindgren.se\/","name":"Patrik Lindgren","description":"Jag recenserar!","publisher":{"@id":"https:\/\/patriklindgren.se\/#organization"},"potentialAction":[{"@type":"SearchAction","target":{"@type":"EntryPoint","urlTemplate":"https:\/\/patriklindgren.se\/?s={search_term_string}"},"query-input":"required name=search_term_string"}],"inLanguage":"da-DK"},{"@type":"Organization","@id":"https:\/\/patriklindgren.se\/#organization","name":"Patrik Lindgren","url":"https:\/\/patriklindgren.se\/","logo":{"@type":"ImageObject","inLanguage":"da-DK","@id":"https:\/\/patriklindgren.se\/#\/schema\/logo\/image\/","url":"https:\/\/patriklindgren.se\/wp-content\/uploads\/2022\/05\/cropped-Patrik-Lindgren1-1.png","contentUrl":"https:\/\/patriklindgren.se\/wp-content\/uploads\/2022\/05\/cropped-Patrik-Lindgren1-1.png","width":500,"height":190,"caption":"Patrik Lindgren"},"image":{"@id":"https:\/\/patriklindgren.se\/#\/schema\/logo\/image\/"}}]}},"_links":{"self":[{"href":"https:\/\/patriklindgren.se\/da\/wp-json\/wp\/v2\/pages\/3137","targetHints":{"allow":["GET"]}}],"collection":[{"href":"https:\/\/patriklindgren.se\/da\/wp-json\/wp\/v2\/pages"}],"about":[{"href":"https:\/\/patriklindgren.se\/da\/wp-json\/wp\/v2\/types\/page"}],"author":[{"embeddable":true,"href":"https:\/\/patriklindgren.se\/da\/wp-json\/wp\/v2\/users\/1"}],"replies":[{"embeddable":true,"href":"https:\/\/patriklindgren.se\/da\/wp-json\/wp\/v2\/comments?post=3137"}],"version-history":[{"count":3,"href":"https:\/\/patriklindgren.se\/da\/wp-json\/wp\/v2\/pages\/3137\/revisions"}],"predecessor-version":[{"id":3155,"href":"https:\/\/patriklindgren.se\/da\/wp-json\/wp\/v2\/pages\/3137\/revisions\/3155"}],"wp:featuredmedia":[{"embeddable":true,"href":"https:\/\/patriklindgren.se\/da\/wp-json\/wp\/v2\/media\/3007"}],"wp:attachment":[{"href":"https:\/\/patriklindgren.se\/da\/wp-json\/wp\/v2\/media?parent=3137"}],"curies":[{"name":"wp","href":"https:\/\/api.w.org\/{rel}","templated":true}]}}